{"id":9967,"date":"2020-10-19T07:23:39","date_gmt":"2020-10-19T07:23:39","guid":{"rendered":"https:\/\/keenitsolutions.com\/products\/wordpress\/reobiz\/?page_id=9967"},"modified":"2021-01-14T10:41:11","modified_gmt":"2021-01-14T10:41:11","slug":"nosotros","status":"publish","type":"page","link":"https:\/\/segurosroquemoreno.com\/?page_id=9967","title":{"rendered":"Nosotros"},"content":{"rendered":"\t\t<div data-elementor-type=\"wp-page\" data-elementor-id=\"9967\" class=\"elementor elementor-9967\">\n\t\t\t\t\t\t<section class=\"elementor-section elementor-top-section elementor-element elementor-element-67c89288 elementor-section-full_width elementor-section-content-middle elementor-section-height-default elementor-section-height-default\" data-id=\"67c89288\" data-element_type=\"section\" data-e-type=\"section\">\n\t\t\t\t\t\t<div class=\"elementor-container elementor-column-gap-wide\">\n\t\t\t\t\t<div class=\"elementor-column elementor-col-50 elementor-top-column elementor-element elementor-element-489d69b4\" data-id=\"489d69b4\" data-element_type=\"column\" data-e-type=\"column\">\n\t\t\t<div class=\"elementor-widget-wrap elementor-element-populated\">\n\t\t\t\t\t\t<div class=\"elementor-element elementor-element-6ba22ed elementor-widget elementor-widget-text-editor\" data-id=\"6ba22ed\" data-element_type=\"widget\" data-e-type=\"widget\" data-widget_type=\"text-editor.default\">\n\t\t\t\t<div class=\"elementor-widget-container\">\n\t\t\t\t\t\t\t\t\t<p>La compa\u00f1\u00eda hace una fuerte apuesta por la digitalizaci\u00f3n de todos sus procesos y productos. La oferta de productos para Particulares es 100% digital, y su l\u00ednea de productos digitales cuenta ya con Allianz Auto Plus, Allianz Hogar Plus, Allianz Vida Riesgo Plus, Allianz FondoVida Plus, Allianz Protecci\u00f3n Aut\u00f3nomos Plus y Allianz Negocio Plus. Adem\u00e1s, la red de peritos digitales de la compa\u00f1\u00eda gestiona m\u00e1s de 140.000 teleperitaciones al a\u00f1o.<\/p><p>En los \u00faltimos a\u00f1os, la empresa ha apostado tambi\u00e9n por la simplicidad en herramientas, procesos y \u00a0productos, haciendo su oferta m\u00e1s simple y f\u00e1cil para sus clientes.\u00a0<\/p>\t\t\t\t\t\t\t\t<\/div>\n\t\t\t\t<\/div>\n\t\t\t\t\t<\/div>\n\t\t<\/div>\n\t\t\t\t<div class=\"elementor-column elementor-col-50 elementor-top-column elementor-element elementor-element-35aaea12 animated-slow elementor-invisible\" data-id=\"35aaea12\" data-element_type=\"column\" data-e-type=\"column\" data-settings=\"{&quot;animation&quot;:&quot;fadeInUp&quot;,&quot;animation_delay&quot;:500}\">\n\t\t\t<div class=\"elementor-widget-wrap elementor-element-populated\">\n\t\t\t\t\t\t<div class=\"elementor-element elementor-element-2a1cdc05 elementor-invisible elementor-widget elementor-widget-image\" data-id=\"2a1cdc05\" data-element_type=\"widget\" data-e-type=\"widget\" data-settings=\"{&quot;_animation&quot;:&quot;slideInRight&quot;,&quot;_animation_delay&quot;:600}\" data-widget_type=\"image.default\">\n\t\t\t\t<div class=\"elementor-widget-container\">\n\t\t\t\t\t\t\t\t\t\t\t\t\t\t\t<img fetchpriority=\"high\" decoding=\"async\" width=\"640\" height=\"813\" src=\"https:\/\/segurosroquemoreno.com\/wp-content\/uploads\/2020\/11\/Project_11.jpg\" class=\"attachment-large size-large wp-image-11375\" alt=\"\" srcset=\"https:\/\/segurosroquemoreno.com\/wp-content\/uploads\/2020\/11\/Project_11.jpg 770w, https:\/\/segurosroquemoreno.com\/wp-content\/uploads\/2020\/11\/Project_11-600x762.jpg 600w, https:\/\/segurosroquemoreno.com\/wp-content\/uploads\/2020\/11\/Project_11-236x300.jpg 236w, https:\/\/segurosroquemoreno.com\/wp-content\/uploads\/2020\/11\/Project_11-768x975.jpg 768w\" sizes=\"(max-width: 640px) 100vw, 640px\" \/>\t\t\t\t\t\t\t\t\t\t\t\t\t\t\t<\/div>\n\t\t\t\t<\/div>\n\t\t\t\t\t<\/div>\n\t\t<\/div>\n\t\t\t\t\t<\/div>\n\t\t<\/section>\n\t\t\t\t<section class=\"elementor-section elementor-top-section elementor-element elementor-element-4e5b648 elementor-section-full_width elementor-section-height-default elementor-section-height-default\" data-id=\"4e5b648\" data-element_type=\"section\" data-e-type=\"section\">\n\t\t\t\t\t\t<div class=\"elementor-container elementor-column-gap-default\">\n\t\t\t\t\t<div class=\"elementor-column elementor-col-100 elementor-top-column elementor-element elementor-element-2990e86\" data-id=\"2990e86\" data-element_type=\"column\" data-e-type=\"column\">\n\t\t\t<div class=\"elementor-widget-wrap\">\n\t\t\t\t\t\t\t<\/div>\n\t\t<\/div>\n\t\t\t\t\t<\/div>\n\t\t<\/section>\n\t\t\t\t<section class=\"elementor-section elementor-top-section elementor-element elementor-element-5a19ff7 elementor-section-full_width elementor-section-stretched elementor-section-height-default elementor-section-height-default\" data-id=\"5a19ff7\" data-element_type=\"section\" data-e-type=\"section\" data-settings=\"{&quot;stretch_section&quot;:&quot;section-stretched&quot;,&quot;background_background&quot;:&quot;classic&quot;}\">\n\t\t\t\t\t\t<div class=\"elementor-container elementor-column-gap-default\">\n\t\t\t\t\t<div class=\"elementor-column elementor-col-100 elementor-top-column elementor-element elementor-element-3c95bb8\" data-id=\"3c95bb8\" data-element_type=\"column\" data-e-type=\"column\">\n\t\t\t<div class=\"elementor-widget-wrap elementor-element-populated\">\n\t\t\t\t\t\t<section class=\"elementor-section elementor-inner-section elementor-element elementor-element-5369fee elementor-section-boxed elementor-section-height-default elementor-section-height-default\" data-id=\"5369fee\" data-element_type=\"section\" data-e-type=\"section\">\n\t\t\t\t\t\t<div class=\"elementor-container elementor-column-gap-default\">\n\t\t\t\t\t<div class=\"elementor-column elementor-col-50 elementor-inner-column elementor-element elementor-element-198ae19\" data-id=\"198ae19\" data-element_type=\"column\" data-e-type=\"column\">\n\t\t\t<div class=\"elementor-widget-wrap elementor-element-populated\">\n\t\t\t\t\t\t<div class=\"elementor-element elementor-element-b9cf122 elementor-widget elementor-widget-image\" data-id=\"b9cf122\" data-element_type=\"widget\" data-e-type=\"widget\" data-widget_type=\"image.default\">\n\t\t\t\t<div class=\"elementor-widget-container\">\n\t\t\t\t\t\t\t\t\t\t\t\t\t\t\t<img decoding=\"async\" width=\"640\" height=\"617\" src=\"https:\/\/segurosroquemoreno.com\/wp-content\/uploads\/2020\/10\/2683984.png\" class=\"attachment-large size-large wp-image-10229\" alt=\"\" srcset=\"https:\/\/segurosroquemoreno.com\/wp-content\/uploads\/2020\/10\/2683984.png 700w, https:\/\/segurosroquemoreno.com\/wp-content\/uploads\/2020\/10\/2683984-600x579.png 600w, https:\/\/segurosroquemoreno.com\/wp-content\/uploads\/2020\/10\/2683984-300x289.png 300w\" sizes=\"(max-width: 640px) 100vw, 640px\" \/>\t\t\t\t\t\t\t\t\t\t\t\t\t\t\t<\/div>\n\t\t\t\t<\/div>\n\t\t\t\t\t<\/div>\n\t\t<\/div>\n\t\t\t\t<div class=\"elementor-column elementor-col-50 elementor-inner-column elementor-element elementor-element-9f9a72c\" data-id=\"9f9a72c\" data-element_type=\"column\" data-e-type=\"column\">\n\t\t\t<div class=\"elementor-widget-wrap\">\n\t\t\t\t\t\t\t<\/div>\n\t\t<\/div>\n\t\t\t\t\t<\/div>\n\t\t<\/section>\n\t\t\t\t\t<\/div>\n\t\t<\/div>\n\t\t\t\t\t<\/div>\n\t\t<\/section>\n\t\t\t\t<section class=\"elementor-section elementor-top-section elementor-element elementor-element-98d73a9 elementor-section-full_width elementor-section-stretched elementor-section-height-default elementor-section-height-default\" data-id=\"98d73a9\" data-element_type=\"section\" data-e-type=\"section\" data-settings=\"{&quot;stretch_section&quot;:&quot;section-stretched&quot;,&quot;background_background&quot;:&quot;classic&quot;}\">\n\t\t\t\t\t\t<div class=\"elementor-container elementor-column-gap-default\">\n\t\t\t\t\t<div class=\"elementor-column elementor-col-100 elementor-top-column elementor-element elementor-element-532fdd0\" data-id=\"532fdd0\" data-element_type=\"column\" data-e-type=\"column\">\n\t\t\t<div class=\"elementor-widget-wrap elementor-element-populated\">\n\t\t\t\t\t\t<section class=\"elementor-section elementor-inner-section elementor-element elementor-element-46078ef elementor-section-boxed elementor-section-height-default elementor-section-height-default\" data-id=\"46078ef\" data-element_type=\"section\" data-e-type=\"section\">\n\t\t\t\t\t\t<div class=\"elementor-container elementor-column-gap-default\">\n\t\t\t\t\t<div class=\"elementor-column elementor-col-33 elementor-inner-column elementor-element elementor-element-5a2d8a6\" data-id=\"5a2d8a6\" data-element_type=\"column\" data-e-type=\"column\">\n\t\t\t<div class=\"elementor-widget-wrap\">\n\t\t\t\t\t\t\t<\/div>\n\t\t<\/div>\n\t\t\t\t<div class=\"elementor-column elementor-col-33 elementor-inner-column elementor-element elementor-element-878f444\" data-id=\"878f444\" data-element_type=\"column\" data-e-type=\"column\">\n\t\t\t<div class=\"elementor-widget-wrap\">\n\t\t\t\t\t\t\t<\/div>\n\t\t<\/div>\n\t\t\t\t<div class=\"elementor-column elementor-col-33 elementor-inner-column elementor-element elementor-element-47a9f50\" data-id=\"47a9f50\" data-element_type=\"column\" data-e-type=\"column\">\n\t\t\t<div class=\"elementor-widget-wrap\">\n\t\t\t\t\t\t\t<\/div>\n\t\t<\/div>\n\t\t\t\t\t<\/div>\n\t\t<\/section>\n\t\t\t\t\t<\/div>\n\t\t<\/div>\n\t\t\t\t\t<\/div>\n\t\t<\/section>\n\t\t\t\t<\/div>\n\t\t","protected":false},"excerpt":{"rendered":"<p>Conocenos Allianz Seguros es una compa\u00f1\u00eda l\u00edder. Allianz Seguros es la principal filial del Grupo Allianz en Espa\u00f1a y una de las compa\u00f1\u00edas l\u00edderes del sector asegurador espa\u00f1ol, con 2.300 empleados y m\u00e1s de 4 millones de clientes. El resultado operativo de Allianz Seguros en 2019 ascendi\u00f3 a 181 millones de euros y sus ingresos&#8230;<\/p>\n","protected":false},"author":1,"featured_media":0,"parent":0,"menu_order":0,"comment_status":"closed","ping_status":"closed","template":"","meta":{"_joinchat":[],"footnotes":""},"class_list":["post-9967","page","type-page","status-publish","hentry"],"_links":{"self":[{"href":"https:\/\/segurosroquemoreno.com\/index.php?rest_route=\/wp\/v2\/pages\/9967","targetHints":{"allow":["GET"]}}],"collection":[{"href":"https:\/\/segurosroquemoreno.com\/index.php?rest_route=\/wp\/v2\/pages"}],"about":[{"href":"https:\/\/segurosroquemoreno.com\/index.php?rest_route=\/wp\/v2\/types\/page"}],"author":[{"embeddable":true,"href":"https:\/\/segurosroquemoreno.com\/index.php?rest_route=\/wp\/v2\/users\/1"}],"replies":[{"embeddable":true,"href":"https:\/\/segurosroquemoreno.com\/index.php?rest_route=%2Fwp%2Fv2%2Fcomments&post=9967"}],"version-history":[{"count":16,"href":"https:\/\/segurosroquemoreno.com\/index.php?rest_route=\/wp\/v2\/pages\/9967\/revisions"}],"predecessor-version":[{"id":11900,"href":"https:\/\/segurosroquemoreno.com\/index.php?rest_route=\/wp\/v2\/pages\/9967\/revisions\/11900"}],"wp:attachment":[{"href":"https:\/\/segurosroquemoreno.com\/index.php?rest_route=%2Fwp%2Fv2%2Fmedia&parent=9967"}],"curies":[{"name":"wp","href":"https:\/\/api.w.org\/{rel}","templated":true}]}}