{"id":11944,"date":"2021-01-14T16:52:13","date_gmt":"2021-01-14T16:52:13","guid":{"rendered":"https:\/\/segurosroquemoreno.com\/?page_id=11944"},"modified":"2021-02-23T12:10:58","modified_gmt":"2021-02-23T12:10:58","slug":"politica-de-privacidad","status":"publish","type":"page","link":"https:\/\/segurosroquemoreno.com\/?page_id=11944","title":{"rendered":"Pol\u00edtica de privacidad"},"content":{"rendered":"\n<h5 class=\"wp-block-heading\"><strong>Recogida, finalidad y tratamientos de datos<\/strong><\/h5>\n\n\n\n<p><strong>Seguros Roque Moreno<\/strong>&nbsp;tiene el deber de informar a los usuarios de su sitio web acerca de la recogida de&nbsp;datos de car\u00e1cter personal que pueden llevarse a cabo, bien sea mediante el env\u00edo de correo&nbsp;electr\u00f3nico o al cumplimentar los formularios incluidos en el sitio web. En este sentido,&nbsp;<strong><strong>Seguros Roque Moreno<\/strong><\/strong>&nbsp;ser\u00e1 considerada como responsable de los datos recabados mediante los medios&nbsp;anteriormente descritos.<br>A su vez&nbsp;<strong><strong>Seguros Roque Moreno<\/strong><\/strong> informa a los usuarios de que la finalidad del tratamiento de los datos&nbsp;recabados contempla: La atenci\u00f3n de solicitudes realizadas por los usuarios, la inclusi\u00f3n en la agenda de contactos, la prestaci\u00f3n de servicios, la gesti\u00f3n de la relaci\u00f3n comercial y otras&nbsp;finalidades.<\/p>\n\n\n\n<p>Las operaciones, gestiones y procedimientos t\u00e9cnicos que se realicen de forma automatizada o no automatizada y que posibiliten la recogida, el almacenamiento, la modificaci\u00f3n, la&nbsp;transferencia y otras acciones sobre datos de car\u00e1cter personal, tienen la consideraci\u00f3n de&nbsp;tratamiento de datos personales.&nbsp;Todos los datos personales, que sean recogidos a trav\u00e9s del sitio web de&nbsp;<strong><strong>Seguros Roque Moreno<\/strong><\/strong>, y por&nbsp;tanto tenga la consideraci\u00f3n de tratamiento de datos de car\u00e1cter personal, ser\u00e1n incorporados en los ficheros declarados ante la Agencia Espa\u00f1ola de Protecci\u00f3n de Datos por&nbsp;<strong><strong>Seguros Roque Moreno<\/strong><\/strong>.<\/p>\n\n\n\n<h5 class=\"wp-block-heading\"><strong>Pol\u00edtica de privacidad<\/strong><\/h5>\n\n\n\n<p><strong><strong>Seguros Roque Moreno<\/strong><\/strong> informa a los usuarios del sitio web sobre su pol\u00edtica respecto del tratamiento y protecci\u00f3n de los datos de car\u00e1cter personal de los usuarios y clientes que puedan ser recabados por la navegaci\u00f3n o contrataci\u00f3n de servicios a trav\u00e9s de su sitio web.<\/p>\n\n\n\n<p>En este sentido,&nbsp;<strong><strong>Seguros Roque Moreno<\/strong><\/strong> garantiza el cumplimiento de la normativa vigente en materia de&nbsp;protecci\u00f3n de datos personales, reflejada en la Ley Org\u00e1nica 15\/1999 de 13 de diciembre, de&nbsp;Protecci\u00f3n de Datos de Car\u00e1cter Personal y en el Real Decreto 1720\/2007, de 21 diciembre, por el que se aprueba el Reglamento de Desarrollo de la LOPD.&nbsp;El uso de esta web implica la aceptaci\u00f3n de esta pol\u00edtica de privacidad.<\/p>\n\n\n\n<h5 class=\"wp-block-heading\"><strong>Comunicaci\u00f3n de informaci\u00f3n a terceros<\/strong><\/h5>\n\n\n\n<p><strong><strong>Seguros Roque Moreno<\/strong><\/strong> informa a los usuarios de que sus datos personales no ser\u00e1n cedidos a terceras\u00a0organizaciones, con la salvedad de que dicha cesi\u00f3n de datos este amparada en una obligaci\u00f3n legal o cuando la prestaci\u00f3n de un servicio implique la necesidad de una relaci\u00f3n contractual con un encargado de tratamiento. En este \u00faltimo caso, solo se llevar\u00e1 a cabo la cesi\u00f3n de datos al tercero cuando Seguros Roque Moreno\u00a0disponga del consentimiento expreso del usuario.<\/p>\n\n\n\n<h5 class=\"wp-block-heading\"><strong>Derechos de los usuarios<\/strong><\/h5>\n\n\n\n<p>La Ley Org\u00e1nica 15\/1999, de 13 de diciembre, de Protecci\u00f3n de Datos de Car\u00e1cter Personal&nbsp;concede a los interesados la posibilidad de ejercer una serie de derechos relacionados con el&nbsp;tratamiento de sus datos personales.<\/p>\n\n\n\n<p>En tanto en cuanto los datos del usuario son objeto de tratamiento por parte de&nbsp;<strong><strong>Seguros Roque Moreno<\/strong><\/strong>. Los usuarios podr\u00e1n ejercer los derechos de acceso, rectificaci\u00f3n, cancelaci\u00f3n y oposici\u00f3n de&nbsp;acuerdo con lo previsto en la normativa legal vigente en materia de protecci\u00f3n de datos&nbsp;personales.<br>Para hacer uso del ejercicio de estos derechos, el usuario deber\u00e1 dirigirse mediante comunicaci\u00f3n escrita, aportando documentaci\u00f3n que acredite su identidad (DNI o pasaporte), a la siguiente direcci\u00f3n: <strong>Seguros Roque Moreno<\/strong>, Calle los Claveles. 30564 &#8211; Lorqu\u00ed (Murcia) o la direcci\u00f3n que sea sustituida en el Registro General de Protecci\u00f3n de Datos. Dicha comunicaci\u00f3n deber\u00e1 reflejar la siguiente informaci\u00f3n: Nombre y apellidos del usuario, la petici\u00f3n de solicitud, el domicilio y los datos acreditativos.<\/p>\n\n\n\n<p>El ejercicio de derechos deber\u00e1 ser realizado por el propio usuario. No obstante, podr\u00e1n ser&nbsp;ejecutados por una persona autorizada como representante legal del autorizado. En tal caso, se deber\u00e1 aportar la documentaci\u00f3n que acredite esta representaci\u00f3n del interesado.<\/p>\n","protected":false},"excerpt":{"rendered":"<p>Recogida, finalidad y tratamientos de datos Seguros Roque Moreno&nbsp;tiene el deber de informar a los usuarios de su sitio web acerca de la recogida de&nbsp;datos de car\u00e1cter personal que pueden llevarse a cabo, bien sea mediante el env\u00edo de correo&nbsp;electr\u00f3nico o al cumplimentar los formularios incluidos en el sitio web. En este sentido,&nbsp;Seguros Roque Moreno&nbsp;ser\u00e1&#8230;<\/p>\n","protected":false},"author":1,"featured_media":0,"parent":0,"menu_order":0,"comment_status":"closed","ping_status":"closed","template":"","meta":{"_joinchat":[],"footnotes":""},"class_list":["post-11944","page","type-page","status-publish","hentry"],"_links":{"self":[{"href":"https:\/\/segurosroquemoreno.com\/index.php?rest_route=\/wp\/v2\/pages\/11944","targetHints":{"allow":["GET"]}}],"collection":[{"href":"https:\/\/segurosroquemoreno.com\/index.php?rest_route=\/wp\/v2\/pages"}],"about":[{"href":"https:\/\/segurosroquemoreno.com\/index.php?rest_route=\/wp\/v2\/types\/page"}],"author":[{"embeddable":true,"href":"https:\/\/segurosroquemoreno.com\/index.php?rest_route=\/wp\/v2\/users\/1"}],"replies":[{"embeddable":true,"href":"https:\/\/segurosroquemoreno.com\/index.php?rest_route=%2Fwp%2Fv2%2Fcomments&post=11944"}],"version-history":[{"count":3,"href":"https:\/\/segurosroquemoreno.com\/index.php?rest_route=\/wp\/v2\/pages\/11944\/revisions"}],"predecessor-version":[{"id":12026,"href":"https:\/\/segurosroquemoreno.com\/index.php?rest_route=\/wp\/v2\/pages\/11944\/revisions\/12026"}],"wp:attachment":[{"href":"https:\/\/segurosroquemoreno.com\/index.php?rest_route=%2Fwp%2Fv2%2Fmedia&parent=11944"}],"curies":[{"name":"wp","href":"https:\/\/api.w.org\/{rel}","templated":true}]}}